{"id":257,"date":"2025-11-27T07:39:39","date_gmt":"2025-11-27T07:39:39","guid":{"rendered":"https:\/\/vall-humana.com\/?page_id=257"},"modified":"2025-12-04T09:46:32","modified_gmt":"2025-12-04T09:46:32","slug":"simulation","status":"publish","type":"page","link":"https:\/\/vall-humana.com\/index.php\/simulation\/","title":{"rendered":"Simulation"},"content":{"rendered":"\t\t<div data-elementor-type=\"wp-page\" data-elementor-id=\"257\" class=\"elementor elementor-257\">\n\t\t\t\t<div class=\"elementor-element elementor-element-82b7350 e-flex e-con-boxed e-con e-parent\" data-id=\"82b7350\" data-element_type=\"container\">\n\t\t\t\t\t<div class=\"e-con-inner\">\n\t\t\t\t<div class=\"elementor-element elementor-element-ab26fd7 elementor-widget elementor-widget-heading\" data-id=\"ab26fd7\" data-element_type=\"widget\" data-widget_type=\"heading.default\">\n\t\t\t\t\t<h1 class=\"elementor-heading-title elementor-size-default\">Estimation en ligne<\/h1>\t\t\t\t<\/div>\n\t\t\t\t\t<\/div>\n\t\t\t\t<\/div>\n\t\t<div class=\"elementor-element elementor-element-1f021b5 e-grid e-con-boxed e-con e-parent\" data-id=\"1f021b5\" data-element_type=\"container\">\n\t\t\t\t\t<div class=\"e-con-inner\">\n\t\t<div class=\"elementor-element elementor-element-0d2cdbc e-con-full e-flex e-con e-child\" data-id=\"0d2cdbc\" data-element_type=\"container\">\n\t\t\t\t<div class=\"elementor-element elementor-element-b61ae3a elementor-widget elementor-widget-heading\" data-id=\"b61ae3a\" data-element_type=\"widget\" data-widget_type=\"heading.default\">\n\t\t\t\t\t<h2 class=\"elementor-heading-title elementor-size-default\">Language \/ Llengua<\/h2>\t\t\t\t<\/div>\n\t\t\t\t<\/div>\n\t\t<a class=\"elementor-element elementor-element-1c644db e-con-full e-transform e-flex e-con e-child\" data-id=\"1c644db\" data-element_type=\"container\" data-settings=\"{&quot;_transform_scale_effect_hover&quot;:{&quot;unit&quot;:&quot;px&quot;,&quot;size&quot;:1.05,&quot;sizes&quot;:[]},&quot;_transform_scale_effect_hover_tablet&quot;:{&quot;unit&quot;:&quot;px&quot;,&quot;size&quot;:&quot;&quot;,&quot;sizes&quot;:[]},&quot;_transform_scale_effect_hover_mobile&quot;:{&quot;unit&quot;:&quot;px&quot;,&quot;size&quot;:&quot;&quot;,&quot;sizes&quot;:[]}}\" href=\"https:\/\/forms.fillout.com\/t\/xj85aXscFfus\">\n\t\t\t\t<div class=\"elementor-element elementor-element-0be5f52 elementor-widget elementor-widget-image\" data-id=\"0be5f52\" data-element_type=\"widget\" data-widget_type=\"image.default\">\n\t\t\t\t\t\t\t\t\t\t\t\t\t\t\t<img fetchpriority=\"high\" decoding=\"async\" width=\"1200\" height=\"800\" src=\"https:\/\/vall-humana.com\/wp-content\/uploads\/2025\/12\/Flag_of_Catalonia.svg_.png\" class=\"attachment-full size-full wp-image-311\" alt=\"\" srcset=\"https:\/\/vall-humana.com\/wp-content\/uploads\/2025\/12\/Flag_of_Catalonia.svg_.png 1200w, https:\/\/vall-humana.com\/wp-content\/uploads\/2025\/12\/Flag_of_Catalonia.svg_-300x200.png 300w, https:\/\/vall-humana.com\/wp-content\/uploads\/2025\/12\/Flag_of_Catalonia.svg_-1024x683.png 1024w, https:\/\/vall-humana.com\/wp-content\/uploads\/2025\/12\/Flag_of_Catalonia.svg_-768x512.png 768w\" sizes=\"(max-width: 1200px) 100vw, 1200px\" \/>\t\t\t\t\t\t\t\t\t\t\t\t\t\t\t<\/div>\n\t\t\t\t<div class=\"elementor-element elementor-element-40541de elementor-widget elementor-widget-heading\" data-id=\"40541de\" data-element_type=\"widget\" data-widget_type=\"heading.default\">\n\t\t\t\t\t<h3 class=\"elementor-heading-title elementor-size-default\">Catal\u00e0<\/h3>\t\t\t\t<\/div>\n\t\t\t\t<\/a>\n\t\t<a class=\"elementor-element elementor-element-221f18a e-con-full e-transform e-flex e-con e-child\" data-id=\"221f18a\" data-element_type=\"container\" data-settings=\"{&quot;_transform_scale_effect_hover&quot;:{&quot;unit&quot;:&quot;px&quot;,&quot;size&quot;:1.05,&quot;sizes&quot;:[]},&quot;_transform_scale_effect_hover_tablet&quot;:{&quot;unit&quot;:&quot;px&quot;,&quot;size&quot;:&quot;&quot;,&quot;sizes&quot;:[]},&quot;_transform_scale_effect_hover_mobile&quot;:{&quot;unit&quot;:&quot;px&quot;,&quot;size&quot;:&quot;&quot;,&quot;sizes&quot;:[]}}\" href=\"https:\/\/forms.fillout.com\/t\/oebmTfLQ9ous\">\n\t\t\t\t<div class=\"elementor-element elementor-element-00f0a22 elementor-widget elementor-widget-image\" data-id=\"00f0a22\" data-element_type=\"widget\" data-widget_type=\"image.default\">\n\t\t\t\t\t\t\t\t\t\t\t\t\t\t\t<img decoding=\"async\" width=\"1125\" height=\"750\" src=\"https:\/\/vall-humana.com\/wp-content\/uploads\/2025\/12\/Flag_of_Spain.svg_.png\" class=\"attachment-full size-full wp-image-312\" alt=\"\" srcset=\"https:\/\/vall-humana.com\/wp-content\/uploads\/2025\/12\/Flag_of_Spain.svg_.png 1125w, https:\/\/vall-humana.com\/wp-content\/uploads\/2025\/12\/Flag_of_Spain.svg_-300x200.png 300w, https:\/\/vall-humana.com\/wp-content\/uploads\/2025\/12\/Flag_of_Spain.svg_-1024x683.png 1024w, https:\/\/vall-humana.com\/wp-content\/uploads\/2025\/12\/Flag_of_Spain.svg_-768x512.png 768w\" sizes=\"(max-width: 1125px) 100vw, 1125px\" \/>\t\t\t\t\t\t\t\t\t\t\t\t\t\t\t<\/div>\n\t\t\t\t<div class=\"elementor-element elementor-element-5e1f4cf elementor-widget elementor-widget-heading\" data-id=\"5e1f4cf\" data-element_type=\"widget\" data-widget_type=\"heading.default\">\n\t\t\t\t\t<h3 class=\"elementor-heading-title elementor-size-default\">Espa\u00f1ol<\/h3>\t\t\t\t<\/div>\n\t\t\t\t<\/a>\n\t\t<a class=\"elementor-element elementor-element-bd3a42a e-con-full e-transform e-flex e-con e-child\" data-id=\"bd3a42a\" data-element_type=\"container\" data-settings=\"{&quot;_transform_scale_effect_hover&quot;:{&quot;unit&quot;:&quot;px&quot;,&quot;size&quot;:1.05,&quot;sizes&quot;:[]},&quot;_transform_scale_effect_hover_tablet&quot;:{&quot;unit&quot;:&quot;px&quot;,&quot;size&quot;:&quot;&quot;,&quot;sizes&quot;:[]},&quot;_transform_scale_effect_hover_mobile&quot;:{&quot;unit&quot;:&quot;px&quot;,&quot;size&quot;:&quot;&quot;,&quot;sizes&quot;:[]}}\" href=\"https:\/\/forms.fillout.com\/t\/x2NpRN9WG1us\">\n\t\t\t\t<div class=\"elementor-element elementor-element-77ce9ef e-transform elementor-widget elementor-widget-image\" data-id=\"77ce9ef\" data-element_type=\"widget\" data-settings=\"{&quot;_transform_scale_effect_hover&quot;:{&quot;unit&quot;:&quot;px&quot;,&quot;size&quot;:1.05,&quot;sizes&quot;:[]},&quot;_transform_scale_effect_hover_tablet&quot;:{&quot;unit&quot;:&quot;px&quot;,&quot;size&quot;:&quot;&quot;,&quot;sizes&quot;:[]},&quot;_transform_scale_effect_hover_mobile&quot;:{&quot;unit&quot;:&quot;px&quot;,&quot;size&quot;:&quot;&quot;,&quot;sizes&quot;:[]}}\" data-widget_type=\"image.default\">\n\t\t\t\t\t\t\t\t\t\t\t\t\t\t\t<img decoding=\"async\" width=\"800\" height=\"534\" src=\"https:\/\/vall-humana.com\/wp-content\/uploads\/2025\/12\/Flag_of_France.svg_.png\" class=\"attachment-full size-full wp-image-313\" alt=\"\" srcset=\"https:\/\/vall-humana.com\/wp-content\/uploads\/2025\/12\/Flag_of_France.svg_.png 800w, https:\/\/vall-humana.com\/wp-content\/uploads\/2025\/12\/Flag_of_France.svg_-300x200.png 300w, https:\/\/vall-humana.com\/wp-content\/uploads\/2025\/12\/Flag_of_France.svg_-768x513.png 768w\" sizes=\"(max-width: 800px) 100vw, 800px\" \/>\t\t\t\t\t\t\t\t\t\t\t\t\t\t\t<\/div>\n\t\t\t\t<div class=\"elementor-element elementor-element-f4f1047 elementor-widget elementor-widget-heading\" data-id=\"f4f1047\" data-element_type=\"widget\" data-widget_type=\"heading.default\">\n\t\t\t\t\t<h3 class=\"elementor-heading-title elementor-size-default\">Fran\u00e7ais<\/h3>\t\t\t\t<\/div>\n\t\t\t\t<\/a>\n\t\t<a class=\"elementor-element elementor-element-a7a368b e-con-full e-transform e-flex e-con e-child\" data-id=\"a7a368b\" data-element_type=\"container\" data-settings=\"{&quot;_transform_scale_effect_hover&quot;:{&quot;unit&quot;:&quot;px&quot;,&quot;size&quot;:1.05,&quot;sizes&quot;:[]},&quot;_transform_scale_effect_hover_tablet&quot;:{&quot;unit&quot;:&quot;px&quot;,&quot;size&quot;:&quot;&quot;,&quot;sizes&quot;:[]},&quot;_transform_scale_effect_hover_mobile&quot;:{&quot;unit&quot;:&quot;px&quot;,&quot;size&quot;:&quot;&quot;,&quot;sizes&quot;:[]}}\" href=\"https:\/\/forms.fillout.com\/t\/bcWQF8Dd2tus\">\n\t\t\t\t<div class=\"elementor-element elementor-element-3c25272 elementor-widget elementor-widget-image\" data-id=\"3c25272\" data-element_type=\"widget\" data-widget_type=\"image.default\">\n\t\t\t\t\t\t\t\t\t\t\t\t\t\t\t<img loading=\"lazy\" decoding=\"async\" width=\"900\" height=\"600\" src=\"https:\/\/vall-humana.com\/wp-content\/uploads\/2025\/12\/Flag_of_Portugal.svg_.png\" class=\"attachment-full size-full wp-image-314\" alt=\"\" srcset=\"https:\/\/vall-humana.com\/wp-content\/uploads\/2025\/12\/Flag_of_Portugal.svg_.png 900w, https:\/\/vall-humana.com\/wp-content\/uploads\/2025\/12\/Flag_of_Portugal.svg_-300x200.png 300w, https:\/\/vall-humana.com\/wp-content\/uploads\/2025\/12\/Flag_of_Portugal.svg_-768x512.png 768w\" sizes=\"(max-width: 900px) 100vw, 900px\" \/>\t\t\t\t\t\t\t\t\t\t\t\t\t\t\t<\/div>\n\t\t\t\t<div class=\"elementor-element elementor-element-1ac0bb0 elementor-widget elementor-widget-heading\" data-id=\"1ac0bb0\" data-element_type=\"widget\" data-widget_type=\"heading.default\">\n\t\t\t\t\t<h3 class=\"elementor-heading-title elementor-size-default\">Portugu\u00eas<\/h3>\t\t\t\t<\/div>\n\t\t\t\t<\/a>\n\t\t<a class=\"elementor-element elementor-element-b5b1c37 e-con-full e-transform e-flex e-con e-child\" data-id=\"b5b1c37\" data-element_type=\"container\" data-settings=\"{&quot;_transform_scale_effect_hover&quot;:{&quot;unit&quot;:&quot;px&quot;,&quot;size&quot;:1.05,&quot;sizes&quot;:[]},&quot;_transform_scale_effect_hover_tablet&quot;:{&quot;unit&quot;:&quot;px&quot;,&quot;size&quot;:&quot;&quot;,&quot;sizes&quot;:[]},&quot;_transform_scale_effect_hover_mobile&quot;:{&quot;unit&quot;:&quot;px&quot;,&quot;size&quot;:&quot;&quot;,&quot;sizes&quot;:[]}}\" href=\"https:\/\/forms.fillout.com\/t\/tZu8pYExk7us\">\n\t\t\t\t<div class=\"elementor-element elementor-element-1f3d117 elementor-widget elementor-widget-image\" data-id=\"1f3d117\" data-element_type=\"widget\" data-widget_type=\"image.default\">\n\t\t\t\t\t\t\t\t\t\t\t\t\t\t\t<img loading=\"lazy\" decoding=\"async\" width=\"603\" height=\"360\" src=\"https:\/\/vall-humana.com\/wp-content\/uploads\/2025\/12\/360_F_113258524_ViTlYNmjCbpevjcgsDMD3GBXAhk3MECh.jpg\" class=\"attachment-full size-full wp-image-315\" alt=\"\" srcset=\"https:\/\/vall-humana.com\/wp-content\/uploads\/2025\/12\/360_F_113258524_ViTlYNmjCbpevjcgsDMD3GBXAhk3MECh.jpg 603w, https:\/\/vall-humana.com\/wp-content\/uploads\/2025\/12\/360_F_113258524_ViTlYNmjCbpevjcgsDMD3GBXAhk3MECh-300x179.jpg 300w\" sizes=\"(max-width: 603px) 100vw, 603px\" \/>\t\t\t\t\t\t\t\t\t\t\t\t\t\t\t<\/div>\n\t\t\t\t<div class=\"elementor-element elementor-element-a59aca1 elementor-widget elementor-widget-heading\" data-id=\"a59aca1\" data-element_type=\"widget\" data-widget_type=\"heading.default\">\n\t\t\t\t\t<h3 class=\"elementor-heading-title elementor-size-default\">English<\/h3>\t\t\t\t<\/div>\n\t\t\t\t<\/a>\n\t\t\t\t\t<\/div>\n\t\t\t\t<\/div>\n\t\t\t\t<\/div>\n\t\t","protected":false},"excerpt":{"rendered":"<p>Estimation en ligne Language \/ Llengua Catal\u00e0 Espa\u00f1ol Fran\u00e7ais Portugu\u00eas English<\/p>\n","protected":false},"author":2,"featured_media":0,"parent":0,"menu_order":0,"comment_status":"closed","ping_status":"closed","template":"","meta":{"site-sidebar-layout":"no-sidebar","site-content-layout":"","ast-site-content-layout":"full-width-container","site-content-style":"default","site-sidebar-style":"default","ast-global-header-display":"","ast-banner-title-visibility":"","ast-main-header-display":"","ast-hfb-above-header-display":"","ast-hfb-below-header-display":"","ast-hfb-mobile-header-display":"","site-post-title":"","ast-breadcrumbs-content":"","ast-featured-img":"disabled","footer-sml-layout":"","theme-transparent-header-meta":"","adv-header-id-meta":"","stick-header-meta":"","header-above-stick-meta":"","header-main-stick-meta":"","header-below-stick-meta":"","astra-migrate-meta-layouts":"default","ast-page-background-enabled":"default","ast-page-background-meta":{"desktop":{"background-color":"var(--ast-global-color-5)","background-image":"","background-repeat":"repeat","background-position":"center center","background-size":"auto","background-attachment":"scroll","background-type":"","background-media":"","overlay-type":"","overlay-color":"","overlay-opacity":"","overlay-gradient":""},"tablet":{"background-color":"","background-image":"","background-repeat":"repeat","background-position":"center center","background-size":"auto","background-attachment":"scroll","background-type":"","background-media":"","overlay-type":"","overlay-color":"","overlay-opacity":"","overlay-gradient":""},"mobile":{"background-color":"","background-image":"","background-repeat":"repeat","background-position":"center center","background-size":"auto","background-attachment":"scroll","background-type":"","background-media":"","overlay-type":"","overlay-color":"","overlay-opacity":"","overlay-gradient":""}},"ast-content-background-meta":{"desktop":{"background-color":"var(--ast-global-color-4)","background-image":"","background-repeat":"repeat","background-position":"center center","background-size":"auto","background-attachment":"scroll","background-type":"","background-media":"","overlay-type":"","overlay-color":"","overlay-opacity":"","overlay-gradient":""},"tablet":{"background-color":"var(--ast-global-color-4)","background-image":"","background-repeat":"repeat","background-position":"center center","background-size":"auto","background-attachment":"scroll","background-type":"","background-media":"","overlay-type":"","overlay-color":"","overlay-opacity":"","overlay-gradient":""},"mobile":{"background-color":"var(--ast-global-color-4)","background-image":"","background-repeat":"repeat","background-position":"center center","background-size":"auto","background-attachment":"scroll","background-type":"","background-media":"","overlay-type":"","overlay-color":"","overlay-opacity":"","overlay-gradient":""}},"footnotes":""},"class_list":["post-257","page","type-page","status-publish","hentry"],"_links":{"self":[{"href":"https:\/\/vall-humana.com\/index.php\/wp-json\/wp\/v2\/pages\/257","targetHints":{"allow":["GET"]}}],"collection":[{"href":"https:\/\/vall-humana.com\/index.php\/wp-json\/wp\/v2\/pages"}],"about":[{"href":"https:\/\/vall-humana.com\/index.php\/wp-json\/wp\/v2\/types\/page"}],"author":[{"embeddable":true,"href":"https:\/\/vall-humana.com\/index.php\/wp-json\/wp\/v2\/users\/2"}],"replies":[{"embeddable":true,"href":"https:\/\/vall-humana.com\/index.php\/wp-json\/wp\/v2\/comments?post=257"}],"version-history":[{"count":16,"href":"https:\/\/vall-humana.com\/index.php\/wp-json\/wp\/v2\/pages\/257\/revisions"}],"predecessor-version":[{"id":341,"href":"https:\/\/vall-humana.com\/index.php\/wp-json\/wp\/v2\/pages\/257\/revisions\/341"}],"wp:attachment":[{"href":"https:\/\/vall-humana.com\/index.php\/wp-json\/wp\/v2\/media?parent=257"}],"curies":[{"name":"wp","href":"https:\/\/api.w.org\/{rel}","templated":true}]}}